{"id":1540,"date":"2020-10-01T10:57:21","date_gmt":"2020-10-01T08:57:21","guid":{"rendered":"http:\/\/torrefactionsaintroch.com\/?page_id=1540"},"modified":"2020-10-01T11:40:57","modified_gmt":"2020-10-01T09:40:57","slug":"cate","status":"publish","type":"page","link":"http:\/\/torrefactionsaintroch.com\/index.php\/cate\/","title":{"rendered":"Caf\u00e9"},"content":{"rendered":"\n<div class='container-fluid rt-tpg-container rt-tpg-container-1552 ' data-sc-id='1552' id='rt-tpg-container-710113131'><div class='rt-row rt-content-loader layout1'><style type='text\/css' media='all'>#rt-tpg-container-710113131 .rt-detail i,\n                        #rt-tpg-container-710113131 .rt-detail .post-meta-user a,\n                        #rt-tpg-container-710113131 .rt-detail .post-meta-category a{color:#0367bf;}body .rt-tpg-container .rt-tpg-isotope-buttons .selected{background-color:#0367bf;}#rt-tpg-container-710113131 .pagination li.active span, \n                            #rt-tpg-container-710113131 .rt-tpg-isotope-buttons button.selected{background-color:#75230a;}<\/style><div class=\"rt-col-lg-4 rt-col-md-4 rt-col-sm-6 rt-col-xs-12 rt-equal-height\" data-id=\"1636\"><div class=\"rt-holder\"><div class=\"rt-img-holder\"><a href=\"http:\/\/torrefactionsaintroch.com\/index.php\/2020\/11\/08\/compatible-nespresso\/\"><img class=\"img-responsive\" src=\"http:\/\/torrefactionsaintroch.com\/wp-content\/uploads\/2020\/10\/coffee-capsule-1833012_1280-1024x682.jpg\" alt=\"Compatible NESPRESSO\"><\/a><\/div> <div class=\"rt-detail\"><h2 class=\"entry-title\"><a href=\"http:\/\/torrefactionsaintroch.com\/index.php\/2020\/11\/08\/compatible-nespresso\/\">Compatible NESPRESSO<\/a><\/h2><div class='post-meta-user'><span class='categories-links'><i class='fa fa-folder-open-o'><\/i><a href=\"http:\/\/torrefactionsaintroch.com\/index.php\/category\/cofee\/\" rel=\"tag\">Caf\u00e9<\/a><\/span><\/div><div class='post-meta-tags'><span class='post-tags-links'><i class='fa fa-tags'><\/i><a href=\"http:\/\/torrefactionsaintroch.com\/index.php\/tag\/cafe\/\" rel=\"tag\">caf\u00e9<\/a>, <a href=\"http:\/\/torrefactionsaintroch.com\/index.php\/tag\/cafe-compatible-nespresso\/\" rel=\"tag\">caf\u00e9 compatible NESPRESSO<\/a>, <a href=\"http:\/\/torrefactionsaintroch.com\/index.php\/tag\/compatible-nespresso\/\" rel=\"tag\">Compatible NESPRESSO<\/a>, <a href=\"http:\/\/torrefactionsaintroch.com\/index.php\/tag\/nespresso\/\" rel=\"tag\">NESPRESSO<\/a><\/span><\/div><div class='post-content'>Pour beaucoup lorsqu&rsquo;on parle de machine \u00e0 caf\u00e9, c&rsquo;est Nespresso qui lui vient en t\u00eate. ...<\/div><div class='post-meta'><div class=\"read-more\"><a href=\"http:\/\/torrefactionsaintroch.com\/index.php\/2020\/11\/08\/compatible-nespresso\/\">Continuer<\/a><\/div><\/div><\/div><\/div><\/div><div class=\"rt-col-lg-4 rt-col-md-4 rt-col-sm-6 rt-col-xs-12 rt-equal-height\" data-id=\"130\"><div class=\"rt-holder\"><div class=\"rt-img-holder\"><a href=\"http:\/\/torrefactionsaintroch.com\/index.php\/2017\/10\/14\/moka-harrar\/\"><img class=\"img-responsive\" src=\"http:\/\/torrefactionsaintroch.com\/wp-content\/uploads\/2017\/10\/background-2847041_1280-1024x682.jpg\" alt=\"MOKA HARRAR\"><\/a><\/div> <div class=\"rt-detail\"><h2 class=\"entry-title\"><a href=\"http:\/\/torrefactionsaintroch.com\/index.php\/2017\/10\/14\/moka-harrar\/\">MOKA HARRAR<\/a><\/h2><div class='post-meta-user'><span class='categories-links'><i class='fa fa-folder-open-o'><\/i><a href=\"http:\/\/torrefactionsaintroch.com\/index.php\/category\/cofee\/\" rel=\"tag\">Caf\u00e9<\/a><\/span><\/div><div class='post-meta-tags'><span class='post-tags-links'><i class='fa fa-tags'><\/i><a href=\"http:\/\/torrefactionsaintroch.com\/index.php\/tag\/cafee\/\" rel=\"tag\">caf\u00e9e<\/a>, <a href=\"http:\/\/torrefactionsaintroch.com\/index.php\/tag\/moka\/\" rel=\"tag\">moka<\/a>, <a href=\"http:\/\/torrefactionsaintroch.com\/index.php\/tag\/moka-harrar\/\" rel=\"tag\">moka harrar<\/a><\/span><\/div><div class='post-content'>Cultiv\u00e9 environ \u00e0 1885 m\u00e8tres d&rsquo;altitude \u00e0 Harari, le caf\u00e9 Moka Harrar a la particularit\u00e9 d&rsquo;\u00eatre nature car il n&rsquo;est pas lav\u00e9 apr\u00e8s la r\u00e9colte. ...<\/div><div class='post-meta'><div class=\"read-more\"><a href=\"http:\/\/torrefactionsaintroch.com\/index.php\/2017\/10\/14\/moka-harrar\/\">Continuer<\/a><\/div><\/div><\/div><\/div><\/div><div class=\"rt-col-lg-4 rt-col-md-4 rt-col-sm-6 rt-col-xs-12 rt-equal-height\" data-id=\"128\"><div class=\"rt-holder\"><div class=\"rt-img-holder\"><a href=\"http:\/\/torrefactionsaintroch.com\/index.php\/2017\/10\/14\/moka-dethiopie-terroir-yrgacheffe\/\"><img class=\"img-responsive\" src=\"http:\/\/torrefactionsaintroch.com\/wp-content\/uploads\/2020\/07\/aroma-1239228_1280-1024x777.jpg\" alt=\"MOKA D&rsquo;ETHIOPIE TERROIR YRGACHEFFE\"><\/a><\/div> <div class=\"rt-detail\"><h2 class=\"entry-title\"><a href=\"http:\/\/torrefactionsaintroch.com\/index.php\/2017\/10\/14\/moka-dethiopie-terroir-yrgacheffe\/\">MOKA D&rsquo;ETHIOPIE TERROIR YRGACHEFFE<\/a><\/h2><div class='post-meta-user'><span class='categories-links'><i class='fa fa-folder-open-o'><\/i><a href=\"http:\/\/torrefactionsaintroch.com\/index.php\/category\/cofee\/\" rel=\"tag\">Caf\u00e9<\/a><\/span><\/div><div class='post-meta-tags'><span class='post-tags-links'><i class='fa fa-tags'><\/i><a href=\"http:\/\/torrefactionsaintroch.com\/index.php\/tag\/moka\/\" rel=\"tag\">moka<\/a>, <a href=\"http:\/\/torrefactionsaintroch.com\/index.php\/tag\/yrgacheffe\/\" rel=\"tag\">yrgacheffe<\/a><\/span><\/div><div class='post-content'>Situ\u00e9 entre 1700 et 2500 m\u00e8tres d&rsquo;altitude, au sud d&rsquo;Addis-Abeba, le terroir de Yrgacheffe est un lieu privil\u00e9gi\u00e9 pour la caf\u00e9iculture. ...<\/div><div class='post-meta'><div class=\"read-more\"><a href=\"http:\/\/torrefactionsaintroch.com\/index.php\/2017\/10\/14\/moka-dethiopie-terroir-yrgacheffe\/\">Continuer<\/a><\/div><\/div><\/div><\/div><\/div><div class=\"rt-col-lg-4 rt-col-md-4 rt-col-sm-6 rt-col-xs-12 rt-equal-height\" data-id=\"126\"><div class=\"rt-holder\"><div class=\"rt-img-holder\"><a href=\"http:\/\/torrefactionsaintroch.com\/index.php\/2017\/10\/14\/maragogype-nicaragua\/\"><img class=\"img-responsive\" src=\"http:\/\/torrefactionsaintroch.com\/wp-content\/uploads\/2018\/11\/coffee-beans-2258874_640.jpg\" alt=\"MARAGOGYPE NICARAGUA\"><\/a><\/div> <div class=\"rt-detail\"><h2 class=\"entry-title\"><a href=\"http:\/\/torrefactionsaintroch.com\/index.php\/2017\/10\/14\/maragogype-nicaragua\/\">MARAGOGYPE NICARAGUA<\/a><\/h2><div class='post-meta-user'><span class='categories-links'><i class='fa fa-folder-open-o'><\/i><a href=\"http:\/\/torrefactionsaintroch.com\/index.php\/category\/cofee\/\" rel=\"tag\">Caf\u00e9<\/a><\/span><\/div><div class='post-meta-tags'><span class='post-tags-links'><i class='fa fa-tags'><\/i><a href=\"http:\/\/torrefactionsaintroch.com\/index.php\/tag\/cafe\/\" rel=\"tag\">caf\u00e9<\/a>, <a href=\"http:\/\/torrefactionsaintroch.com\/index.php\/tag\/maragogype-nicaragua\/\" rel=\"tag\">MARAGOGYPE NICARAGUA<\/a><\/span><\/div><div class='post-content'>Cultiv\u00e9 dans les coteaux \u00e0 2000m d&rsquo;altitude, c&rsquo;est un caf\u00e9 de qualit\u00e9 exceptionnelle proposant une douceur tr\u00e8s aromatique. ...<\/div><div class='post-meta'><div class=\"read-more\"><a href=\"http:\/\/torrefactionsaintroch.com\/index.php\/2017\/10\/14\/maragogype-nicaragua\/\">Continuer<\/a><\/div><\/div><\/div><\/div><\/div><div class=\"rt-col-lg-4 rt-col-md-4 rt-col-sm-6 rt-col-xs-12 rt-equal-height\" data-id=\"117\"><div class=\"rt-holder\"><div class=\"rt-img-holder\"><a href=\"http:\/\/torrefactionsaintroch.com\/index.php\/2017\/10\/13\/litalien\/\"><img class=\"img-responsive\" src=\"http:\/\/torrefactionsaintroch.com\/wp-content\/uploads\/2018\/11\/coffee-424763_640.jpg\" alt=\"L&rsquo;ITALIEN\"><\/a><\/div> <div class=\"rt-detail\"><h2 class=\"entry-title\"><a href=\"http:\/\/torrefactionsaintroch.com\/index.php\/2017\/10\/13\/litalien\/\">L&rsquo;ITALIEN<\/a><\/h2><div class='post-meta-user'><span class='categories-links'><i class='fa fa-folder-open-o'><\/i><a href=\"http:\/\/torrefactionsaintroch.com\/index.php\/category\/cofee\/\" rel=\"tag\">Caf\u00e9<\/a><\/span><\/div><div class='post-meta-tags'><span class='post-tags-links'><i class='fa fa-tags'><\/i><a href=\"http:\/\/torrefactionsaintroch.com\/index.php\/tag\/cafe\/\" rel=\"tag\">caf\u00e9<\/a>, <a href=\"http:\/\/torrefactionsaintroch.com\/index.php\/tag\/cafe-italien\/\" rel=\"tag\">caf\u00e9 italien<\/a>, <a href=\"http:\/\/torrefactionsaintroch.com\/index.php\/tag\/cofee\/\" rel=\"tag\">cofee<\/a><\/span><\/div><div class='post-content'>Pr\u00e9par\u00e9 par nos soins, le caf\u00e9 \u00ab&nbsp;L\u2019italien&nbsp;\u00bb est sp\u00e9cialement con\u00e7u pour le matin et\/ou en fin de repas. Il est compos\u00e9 d&rsquo;une s\u00e9lection de 4 Arabicas et un Robusta. ...<\/div><div class='post-meta'><div class=\"read-more\"><a href=\"http:\/\/torrefactionsaintroch.com\/index.php\/2017\/10\/13\/litalien\/\">Continuer<\/a><\/div><\/div><\/div><\/div><\/div><div class=\"rt-col-lg-4 rt-col-md-4 rt-col-sm-6 rt-col-xs-12 rt-equal-height\" data-id=\"114\"><div class=\"rt-holder\"><div class=\"rt-img-holder\"><a href=\"http:\/\/torrefactionsaintroch.com\/index.php\/2017\/10\/13\/bresil-sul-de-minas\/\"><img class=\"img-responsive\" src=\"http:\/\/torrefactionsaintroch.com\/wp-content\/uploads\/2018\/11\/coffee-424758_640.jpg\" alt=\"BRESIL SUL DE MINAS\"><\/a><\/div> <div class=\"rt-detail\"><h2 class=\"entry-title\"><a href=\"http:\/\/torrefactionsaintroch.com\/index.php\/2017\/10\/13\/bresil-sul-de-minas\/\">BRESIL SUL DE MINAS<\/a><\/h2><div class='post-meta-user'><span class='categories-links'><i class='fa fa-folder-open-o'><\/i><a href=\"http:\/\/torrefactionsaintroch.com\/index.php\/category\/cofee\/\" rel=\"tag\">Caf\u00e9<\/a><\/span><\/div><div class='post-meta-tags'><span class='post-tags-links'><i class='fa fa-tags'><\/i><a href=\"http:\/\/torrefactionsaintroch.com\/index.php\/tag\/bresil\/\" rel=\"tag\">br\u00e9sil<\/a>, <a href=\"http:\/\/torrefactionsaintroch.com\/index.php\/tag\/cafe\/\" rel=\"tag\">caf\u00e9<\/a>, <a href=\"http:\/\/torrefactionsaintroch.com\/index.php\/tag\/cafe-du-bresil\/\" rel=\"tag\">caf\u00e9 du br\u00e9sil<\/a>, <a href=\"http:\/\/torrefactionsaintroch.com\/index.php\/tag\/cafe-sul-de-minas\/\" rel=\"tag\">caf\u00e9 sul de minas<\/a><\/span><\/div><div class='post-content'>Tr\u00e8s aim\u00e9 des amateurs de caf\u00e9, le caf\u00e9 Br\u00e9sil Sul de Minas offre une onctuosit\u00e9 avec un faible acidit\u00e9. ...<\/div><div class='post-meta'><div class=\"read-more\"><a href=\"http:\/\/torrefactionsaintroch.com\/index.php\/2017\/10\/13\/bresil-sul-de-minas\/\">Continuer<\/a><\/div><\/div><\/div><\/div><\/div><div class=\"rt-col-lg-4 rt-col-md-4 rt-col-sm-6 rt-col-xs-12 rt-equal-height\" data-id=\"112\"><div class=\"rt-holder\"><div class=\"rt-img-holder\"><a href=\"http:\/\/torrefactionsaintroch.com\/index.php\/2017\/10\/13\/costa-rica\/\"><img class=\"img-responsive\" src=\"http:\/\/torrefactionsaintroch.com\/wp-content\/uploads\/2018\/11\/coffee-2374466_640.jpg\" alt=\"COSTA RICA\"><\/a><\/div> <div class=\"rt-detail\"><h2 class=\"entry-title\"><a href=\"http:\/\/torrefactionsaintroch.com\/index.php\/2017\/10\/13\/costa-rica\/\">COSTA RICA<\/a><\/h2><div class='post-meta-user'><span class='categories-links'><i class='fa fa-folder-open-o'><\/i><a href=\"http:\/\/torrefactionsaintroch.com\/index.php\/category\/cofee\/\" rel=\"tag\">Caf\u00e9<\/a><\/span><\/div><div class='post-meta-tags'><span class='post-tags-links'><i class='fa fa-tags'><\/i><a href=\"http:\/\/torrefactionsaintroch.com\/index.php\/tag\/cafe\/\" rel=\"tag\">caf\u00e9<\/a>, <a href=\"http:\/\/torrefactionsaintroch.com\/index.php\/tag\/cafe-du-costa-rica\/\" rel=\"tag\">caf\u00e9 du costa rica<\/a>, <a href=\"http:\/\/torrefactionsaintroch.com\/index.php\/tag\/cosa-rica\/\" rel=\"tag\">cosa rica<\/a><\/span><\/div><div class='post-content'>Cultiv\u00e9 dans le climat tropical humide, le caf\u00e9 de Costa Rica est d\u2019une grande qualit\u00e9. D\u2019origine, il offre un go\u00fbt doux et id\u00e9al pour les fins de repas. ...<\/div><div class='post-meta'><div class=\"read-more\"><a href=\"http:\/\/torrefactionsaintroch.com\/index.php\/2017\/10\/13\/costa-rica\/\">Continuer<\/a><\/div><\/div><\/div><\/div><\/div><div class=\"rt-col-lg-4 rt-col-md-4 rt-col-sm-6 rt-col-xs-12 rt-equal-height\" data-id=\"109\"><div class=\"rt-holder\"><div class=\"rt-img-holder\"><a href=\"http:\/\/torrefactionsaintroch.com\/index.php\/2017\/10\/13\/guatemala\/\"><img class=\"img-responsive\" src=\"http:\/\/torrefactionsaintroch.com\/wp-content\/uploads\/2020\/07\/coffee-beans-2258839_1280-1024x641.jpg\" alt=\"GUATEMALA\"><\/a><\/div> <div class=\"rt-detail\"><h2 class=\"entry-title\"><a href=\"http:\/\/torrefactionsaintroch.com\/index.php\/2017\/10\/13\/guatemala\/\">GUATEMALA<\/a><\/h2><div class='post-meta-user'><span class='categories-links'><i class='fa fa-folder-open-o'><\/i><a href=\"http:\/\/torrefactionsaintroch.com\/index.php\/category\/cofee\/\" rel=\"tag\">Caf\u00e9<\/a><\/span><\/div><div class='post-meta-tags'><span class='post-tags-links'><i class='fa fa-tags'><\/i><a href=\"http:\/\/torrefactionsaintroch.com\/index.php\/tag\/cafe\/\" rel=\"tag\">caf\u00e9<\/a>, <a href=\"http:\/\/torrefactionsaintroch.com\/index.php\/tag\/cafe-guatemala\/\" rel=\"tag\">caf\u00e9 guatemala<\/a>, <a href=\"http:\/\/torrefactionsaintroch.com\/index.php\/tag\/cofee\/\" rel=\"tag\">cofee<\/a><\/span><\/div><div class='post-content'>En provenance de la r\u00e9gion d&rsquo;Antigua, le caf\u00e9 Guatemala convient \u00e0 tous les amateurs de caf\u00e9. Caf\u00e9 d\u2019altitude, d\u2019une qualit\u00e9 exceptionnelle, il offre en arri\u00e8re-go\u00fbt une sensation chocolat\u00e9e. ...<\/div><div class='post-meta'><div class=\"read-more\"><a href=\"http:\/\/torrefactionsaintroch.com\/index.php\/2017\/10\/13\/guatemala\/\">Continuer<\/a><\/div><\/div><\/div><\/div><\/div><div class=\"rt-col-lg-4 rt-col-md-4 rt-col-sm-6 rt-col-xs-12 rt-equal-height\" data-id=\"74\"><div class=\"rt-holder\"><div class=\"rt-img-holder\"><a href=\"http:\/\/torrefactionsaintroch.com\/index.php\/2017\/09\/19\/colombie\/\"><img class=\"img-responsive\" src=\"http:\/\/torrefactionsaintroch.com\/wp-content\/uploads\/2020\/07\/espresso-4992122_1280-1024x683.jpg\" alt=\"COLOMBIE\"><\/a><\/div> <div class=\"rt-detail\"><h2 class=\"entry-title\"><a href=\"http:\/\/torrefactionsaintroch.com\/index.php\/2017\/09\/19\/colombie\/\">COLOMBIE<\/a><\/h2><div class='post-meta-user'><span class='categories-links'><i class='fa fa-folder-open-o'><\/i><a href=\"http:\/\/torrefactionsaintroch.com\/index.php\/category\/cofee\/\" rel=\"tag\">Caf\u00e9<\/a><\/span><\/div><div class='post-meta-tags'><span class='post-tags-links'><i class='fa fa-tags'><\/i><a href=\"http:\/\/torrefactionsaintroch.com\/index.php\/tag\/cafe\/\" rel=\"tag\">caf\u00e9<\/a>, <a href=\"http:\/\/torrefactionsaintroch.com\/index.php\/tag\/cafe-de-colombie\/\" rel=\"tag\">caf\u00e9 de colombie<\/a>, <a href=\"http:\/\/torrefactionsaintroch.com\/index.php\/tag\/colombie-cofee\/\" rel=\"tag\">colombie cofee<\/a><\/span><\/div><div class='post-content'>Le caf\u00e9 Colombie est un caf\u00e9 doux et acidul\u00e9. La Colombie est le plus grand producteur de caf\u00e9 au monde avec \u00e0 peu pr\u00e8s 11millions de sacs. ...<\/div><div class='post-meta'><div class=\"read-more\"><a href=\"http:\/\/torrefactionsaintroch.com\/index.php\/2017\/09\/19\/colombie\/\">Continuer<\/a><\/div><\/div><\/div><\/div><\/div><\/div><\/div>\n","protected":false},"excerpt":{"rendered":"","protected":false},"author":1,"featured_media":0,"parent":0,"menu_order":0,"comment_status":"closed","ping_status":"closed","template":"","meta":[],"_links":{"self":[{"href":"http:\/\/torrefactionsaintroch.com\/index.php\/wp-json\/wp\/v2\/pages\/1540"}],"collection":[{"href":"http:\/\/torrefactionsaintroch.com\/index.php\/wp-json\/wp\/v2\/pages"}],"about":[{"href":"http:\/\/torrefactionsaintroch.com\/index.php\/wp-json\/wp\/v2\/types\/page"}],"author":[{"embeddable":true,"href":"http:\/\/torrefactionsaintroch.com\/index.php\/wp-json\/wp\/v2\/users\/1"}],"replies":[{"embeddable":true,"href":"http:\/\/torrefactionsaintroch.com\/index.php\/wp-json\/wp\/v2\/comments?post=1540"}],"version-history":[{"count":6,"href":"http:\/\/torrefactionsaintroch.com\/index.php\/wp-json\/wp\/v2\/pages\/1540\/revisions"}],"predecessor-version":[{"id":1554,"href":"http:\/\/torrefactionsaintroch.com\/index.php\/wp-json\/wp\/v2\/pages\/1540\/revisions\/1554"}],"wp:attachment":[{"href":"http:\/\/torrefactionsaintroch.com\/index.php\/wp-json\/wp\/v2\/media?parent=1540"}],"curies":[{"name":"wp","href":"https:\/\/api.w.org\/{rel}","templated":true}]}}