{"id":24,"date":"2017-09-19T17:11:33","date_gmt":"2017-09-19T15:11:33","guid":{"rendered":"http:\/\/torrefactionsaintroch.com\/?page_id=24"},"modified":"2020-10-04T12:14:45","modified_gmt":"2020-10-04T10:14:45","slug":"page-daccueil","status":"publish","type":"page","link":"http:\/\/torrefactionsaintroch.com\/","title":{"rendered":""},"content":{"rendered":"<p>\n    <div id=\"slider-bootstrap-carousel-\" class=\"carousel slide w-100\" data-ride=\"carousel\">\n\n                    <ol class=\"carousel-indicators\">\n                                        <li data-target=\"#slider-bootstrap-carousel-\" data-slide-to=\"0\" class=\"active\"><\/li>\n                                            <li data-target=\"#slider-bootstrap-carousel-\" data-slide-to=\"1\" class=\"\"><\/li>\n                                            <li data-target=\"#slider-bootstrap-carousel-\" data-slide-to=\"2\" class=\"\"><\/li>\n                                <\/ol>\n                \n        <div class=\"carousel-inner\">\n                                    <div class=\"carousel-item active\">\n                                                            <a href=\"http:\/\/torrefactionsaintroch.com\/index.php\/2020\/11\/08\/compatible-nespresso\/\" target=\"_self\">\n                                    <img width=\"1280\" height=\"853\" src=\"http:\/\/torrefactionsaintroch.com\/wp-content\/uploads\/2020\/10\/coffee-capsule-1833012_1280.jpg\" class=\"img-fluid d-block w-100 wp-post-image\" alt=\"\" loading=\"lazy\" srcset=\"http:\/\/torrefactionsaintroch.com\/wp-content\/uploads\/2020\/10\/coffee-capsule-1833012_1280.jpg 1280w, http:\/\/torrefactionsaintroch.com\/wp-content\/uploads\/2020\/10\/coffee-capsule-1833012_1280-300x200.jpg 300w, http:\/\/torrefactionsaintroch.com\/wp-content\/uploads\/2020\/10\/coffee-capsule-1833012_1280-1024x682.jpg 1024w, http:\/\/torrefactionsaintroch.com\/wp-content\/uploads\/2020\/10\/coffee-capsule-1833012_1280-768x512.jpg 768w, http:\/\/torrefactionsaintroch.com\/wp-content\/uploads\/2020\/10\/coffee-capsule-1833012_1280-612x408.jpg 612w, http:\/\/torrefactionsaintroch.com\/wp-content\/uploads\/2020\/10\/coffee-capsule-1833012_1280-1224x816.jpg 1224w, http:\/\/torrefactionsaintroch.com\/wp-content\/uploads\/2020\/10\/coffee-capsule-1833012_1280-936x624.jpg 936w, http:\/\/torrefactionsaintroch.com\/wp-content\/uploads\/2020\/10\/coffee-capsule-1833012_1280-720x480.jpg 720w\" sizes=\"(max-width: 1280px) 100vw, 1280px\" \/>                                <\/a>\n                            \n                                                            <div class=\"carousel-caption d-none d-md-block\">\n                                    <h5>Capsules compatible NESPRESSO<\/h5>\n                                    <p><p>CAFES COMPATIBLE NESPRESSO<\/p>\n<\/p>\n                                <\/div>\n                            \n                        <\/div><!-- carousel-item -->\n                                            <div class=\"carousel-item\">\n                                                            <a href=\"http:\/\/torrefactionsaintroch.com\/index.php\/thes\/\" target=\"_self\">\n                                    <img width=\"1920\" height=\"1280\" src=\"http:\/\/torrefactionsaintroch.com\/wp-content\/uploads\/2020\/06\/teacup-2325722_1920.jpg\" class=\"img-fluid d-block w-100 wp-post-image\" alt=\"\" loading=\"lazy\" srcset=\"http:\/\/torrefactionsaintroch.com\/wp-content\/uploads\/2020\/06\/teacup-2325722_1920.jpg 1920w, http:\/\/torrefactionsaintroch.com\/wp-content\/uploads\/2020\/06\/teacup-2325722_1920-300x200.jpg 300w, http:\/\/torrefactionsaintroch.com\/wp-content\/uploads\/2020\/06\/teacup-2325722_1920-1024x683.jpg 1024w, http:\/\/torrefactionsaintroch.com\/wp-content\/uploads\/2020\/06\/teacup-2325722_1920-768x512.jpg 768w, http:\/\/torrefactionsaintroch.com\/wp-content\/uploads\/2020\/06\/teacup-2325722_1920-1536x1024.jpg 1536w, http:\/\/torrefactionsaintroch.com\/wp-content\/uploads\/2020\/06\/teacup-2325722_1920-612x408.jpg 612w, http:\/\/torrefactionsaintroch.com\/wp-content\/uploads\/2020\/06\/teacup-2325722_1920-1224x816.jpg 1224w, http:\/\/torrefactionsaintroch.com\/wp-content\/uploads\/2020\/06\/teacup-2325722_1920-936x624.jpg 936w, http:\/\/torrefactionsaintroch.com\/wp-content\/uploads\/2020\/06\/teacup-2325722_1920-1872x1248.jpg 1872w, http:\/\/torrefactionsaintroch.com\/wp-content\/uploads\/2020\/06\/teacup-2325722_1920-1440x960.jpg 1440w, http:\/\/torrefactionsaintroch.com\/wp-content\/uploads\/2020\/06\/teacup-2325722_1920-720x480.jpg 720w\" sizes=\"(max-width: 1920px) 100vw, 1920px\" \/>                                <\/a>\n                            \n                                                            <div class=\"carousel-caption d-none d-md-block\">\n                                    <h5>Nos th\u00e9s<\/h5>\n                                    <p><p>Nous avons s\u00e9lectionn\u00e9s les th\u00e9s les plus l\u00e9gendaires <\/p>\n<\/p>\n                                <\/div>\n                            \n                        <\/div><!-- carousel-item -->\n                                            <div class=\"carousel-item\">\n                                                            <a href=\"http:\/\/torrefactionsaintroch.com\/index.php\/cate\/\" target=\"_self\">\n                                    <img width=\"3454\" height=\"2302\" src=\"http:\/\/torrefactionsaintroch.com\/wp-content\/uploads\/2018\/11\/beans-brew-caffeine-2059.jpg\" class=\"img-fluid d-block w-100 wp-post-image\" alt=\"\" loading=\"lazy\" srcset=\"http:\/\/torrefactionsaintroch.com\/wp-content\/uploads\/2018\/11\/beans-brew-caffeine-2059.jpg 3454w, http:\/\/torrefactionsaintroch.com\/wp-content\/uploads\/2018\/11\/beans-brew-caffeine-2059-300x200.jpg 300w, http:\/\/torrefactionsaintroch.com\/wp-content\/uploads\/2018\/11\/beans-brew-caffeine-2059-768x512.jpg 768w, http:\/\/torrefactionsaintroch.com\/wp-content\/uploads\/2018\/11\/beans-brew-caffeine-2059-1024x682.jpg 1024w, http:\/\/torrefactionsaintroch.com\/wp-content\/uploads\/2018\/11\/beans-brew-caffeine-2059-612x408.jpg 612w, http:\/\/torrefactionsaintroch.com\/wp-content\/uploads\/2018\/11\/beans-brew-caffeine-2059-1224x816.jpg 1224w, http:\/\/torrefactionsaintroch.com\/wp-content\/uploads\/2018\/11\/beans-brew-caffeine-2059-936x624.jpg 936w, http:\/\/torrefactionsaintroch.com\/wp-content\/uploads\/2018\/11\/beans-brew-caffeine-2059-1872x1248.jpg 1872w, http:\/\/torrefactionsaintroch.com\/wp-content\/uploads\/2018\/11\/beans-brew-caffeine-2059-1440x960.jpg 1440w, http:\/\/torrefactionsaintroch.com\/wp-content\/uploads\/2018\/11\/beans-brew-caffeine-2059-720x480.jpg 720w\" sizes=\"(max-width: 3454px) 100vw, 3454px\" \/>                                <\/a>\n                            \n                                                            <div class=\"carousel-caption d-none d-md-block\">\n                                    <h5>Nos caf\u00e9s<\/h5>\n                                    <p><p>Nos s\u00e9lections sont faites pour vous <\/p>\n<\/p>\n                                <\/div>\n                            \n                        <\/div><!-- carousel-item -->\n                            <\/div><!-- carousel-inner -->\n\n                    <a class=\"carousel-control-prev\" href=\"#slider-bootstrap-carousel-\" role=\"button\" data-slide=\"prev\">\n                <span class=\"carousel-control-prev-icon\" aria-hidden=\"true\"><\/span>\n                <span class=\"sr-only\">Previous<\/span>\n            <\/a>\n            <a class=\"carousel-control-next\" href=\"#slider-bootstrap-carousel-\" role=\"button\" data-slide=\"next\">\n                <span class=\"carousel-control-next-icon\" aria-hidden=\"true\"><\/span>\n                <span class=\"sr-only\">Next<\/span>\n            <\/a>\n        \n    <\/div><!-- #slider-bootstrap-carousel -->\n    \n<\/p>\n","protected":false},"excerpt":{"rendered":"","protected":false},"author":1,"featured_media":0,"parent":0,"menu_order":0,"comment_status":"closed","ping_status":"closed","template":"","meta":[],"_links":{"self":[{"href":"http:\/\/torrefactionsaintroch.com\/index.php\/wp-json\/wp\/v2\/pages\/24"}],"collection":[{"href":"http:\/\/torrefactionsaintroch.com\/index.php\/wp-json\/wp\/v2\/pages"}],"about":[{"href":"http:\/\/torrefactionsaintroch.com\/index.php\/wp-json\/wp\/v2\/types\/page"}],"author":[{"embeddable":true,"href":"http:\/\/torrefactionsaintroch.com\/index.php\/wp-json\/wp\/v2\/users\/1"}],"replies":[{"embeddable":true,"href":"http:\/\/torrefactionsaintroch.com\/index.php\/wp-json\/wp\/v2\/comments?post=24"}],"version-history":[{"count":23,"href":"http:\/\/torrefactionsaintroch.com\/index.php\/wp-json\/wp\/v2\/pages\/24\/revisions"}],"predecessor-version":[{"id":1631,"href":"http:\/\/torrefactionsaintroch.com\/index.php\/wp-json\/wp\/v2\/pages\/24\/revisions\/1631"}],"wp:attachment":[{"href":"http:\/\/torrefactionsaintroch.com\/index.php\/wp-json\/wp\/v2\/media?parent=24"}],"curies":[{"name":"wp","href":"https:\/\/api.w.org\/{rel}","templated":true}]}}